{"id":50,"date":"2024-02-17T13:03:17","date_gmt":"2024-02-17T16:03:17","guid":{"rendered":"https:\/\/marcosjardimturismo.linkbio.net.br\/?page_id=50"},"modified":"2024-02-21T15:38:06","modified_gmt":"2024-02-21T18:38:06","slug":"o-sitio","status":"publish","type":"page","link":"https:\/\/marcosjardimturismo.linkbio.net.br\/index.php\/o-sitio\/","title":{"rendered":"O Sitio"},"content":{"rendered":"<p>[et_pb_section fb_built=&#8221;1&#8243; _builder_version=&#8221;4.24.1&#8243; _module_preset=&#8221;default&#8221; background_image=&#8221;https:\/\/marcosjardimturismo.linkbio.net.br\/wp-content\/uploads\/2024\/02\/gettyimages-1343346538-640&#215;640-1.jpg&#8221; background_position=&#8221;top_center&#8221; min_height=&#8221;570px&#8221; custom_padding=&#8221;0px||0px|||&#8221; global_colors_info=&#8221;{}&#8221;][et_pb_row _builder_version=&#8221;4.24.1&#8243; _module_preset=&#8221;default&#8221; width=&#8221;360px&#8221; global_colors_info=&#8221;{}&#8221;][et_pb_column type=&#8221;4_4&#8243; _builder_version=&#8221;4.24.1&#8243; _module_preset=&#8221;default&#8221; global_colors_info=&#8221;{}&#8221;][et_pb_image src=&#8221;https:\/\/marcosjardimturismo.linkbio.net.br\/wp-content\/uploads\/2024\/02\/Design-sem-nome.png&#8221; title_text=&#8221;Design sem nome&#8221; align=&#8221;center&#8221; _builder_version=&#8221;4.24.2&#8243; _module_preset=&#8221;default&#8221; width=&#8221;240px&#8221; width_tablet=&#8221;240px&#8221; width_phone=&#8221;260px&#8221; width_last_edited=&#8221;on|phone&#8221; global_colors_info=&#8221;{}&#8221;][\/et_pb_image][\/et_pb_column][\/et_pb_row][et_pb_row _builder_version=&#8221;4.24.2&#8243; _module_preset=&#8221;default&#8221; global_colors_info=&#8221;{}&#8221;][et_pb_column type=&#8221;4_4&#8243; _builder_version=&#8221;4.24.2&#8243; _module_preset=&#8221;default&#8221; global_colors_info=&#8221;{}&#8221;][et_pb_text _builder_version=&#8221;4.24.2&#8243; _module_preset=&#8221;default&#8221; text_text_color=&#8221;#FFFFFF&#8221; hover_enabled=&#8221;0&#8243; global_colors_info=&#8221;{}&#8221; sticky_enabled=&#8221;0&#8243;]<\/p>\n<p><strong>S\u00edtio Jardim da Rosa<\/strong><\/p>\n<p>Localizado em Cachoeira de Macacu, o S\u00edtio Jardim da Rosa \u00e9 o melhor lugar para voc\u00ea que deseja fugir do stress das grandes cidades, um lugar tranquilo com muito ar puro e a beleza da natureza por todos os lados.<br \/>Podendo desfrutar dos atrativos do s\u00edtio ou ent\u00e3o fazer uma bela caminhada e se banhar nos rios das proximidades.<br \/>Tamb\u00e9m trabalhamos como Ag\u00eancia de Turismo Ecol\u00f3gico na regi\u00e3o de Cachoeira de Macacu, atuamos tamb\u00e9m em cidades pr\u00f3ximas. Temos transporte pr\u00f3prio para melhor atender nossos clientes.<br \/>Entre em contato e venha ter novas experi\u00eancias com a melhor equipe de ecoturismo da regi\u00e3o.<\/p>\n<p>\u260e\ufe0f Reserva do S\u00edtio para eventos de um dia:<\/p>\n<p>O S\u00edtio poder\u00e1 ser reservado para pequenos eventos de no m\u00e1ximo 120 pessoas, sendo este mesmo com a dura\u00e7\u00e3o de um dia.<\/p>\n<p>* O S\u00edtio oferece * :<\/p>\n<p>\ud83d\udc49\ud83c\udffeVarand\u00e3o para ornamenta\u00e7\u00e3o da festa. <br \/>\ud83d\udc49\ud83c\udffe 1 mesa com tampo de vidro 80 X 80 cm<br \/>\ud83d\udc49\ud83c\udffe 2 mesas para enfeites (1 maior que a outra). 100m X 60<br \/>80 X 60<br \/>\ud83d\udc49\ud83c\udffe 1 Roda tipo carretel para usar como suporte.<br \/>\ud83d\udc49Sal\u00e3o de jogos:<br \/>\ud83d\udc49Sinuca<br \/>\ud83d\udc49Tot\u00f3<br \/>\ud83d\udc49Ping pong<br \/>\ud83d\udc49Domin\u00f3<br \/>\ud83d\udc49Campo societ <br \/>\ud83d\udc49\u00c1rea verde do s\u00edtio com diversos pontos para fotos. <br \/>\ud83d\udc49Balan\u00e7o <br \/>\ud83d\udc49\ud83c\udffdBanheiro externo<br \/>\ud83d\udc49\ud83c\udffdChurrasqueira <br \/>\ud83d\udc49\ud83c\udffd freezer 02<br \/>\ud83d\udc49\ud83c\udffd fog\u00e3o industrial ( sem Botij\u00e3o)<br \/>\ud83d\udc49\ud83c\udffd Jogo de 10 mesas ( 40 cadeiras).<br \/>\ud83d\udc49\ud83c\udffe 2 bancos de madeira com desenhos estilo Romero Britto <br \/>\ud83d\udc49\ud83c\udffe limpeza final do s\u00edtio inclusa.<\/p>\n<p>Obs.: \ud83d\udce2<\/p>\n<p>Servi\u00e7os extras ( valores a combinar):<\/p>\n<p>\ud83d\udc49\ud83c\udffeTenda (montagem e desmontagem)<\/p>\n<p>\ud83d\udc49\ud83c\udffePula-pula: (durante toda a festa).<\/p>\n<p>Obs.: pr\u00e9-reserva mediante sinal de 20% no ato da contrata\u00e7\u00e3o. <br \/>Este valor ser\u00e1 abatido no total.<\/p>\n<p>Caso aja desist\u00eancia por parte do contratante at\u00e9 30 dias antes do evento o valor da reserva ser\u00e1 devolvido, ap\u00f3s, n\u00e3o ser\u00e1 reembolsado.<\/p>\n<p>Depend\u00eancias e \u00e1rea externa<\/p>\n<p>Alugamos a Casa Amarela, para finais de semana e feriados ( consultar valor das di\u00e1rias com o propriet\u00e1rio).<\/p>\n<p>Ao alugar a Casa Amarela voc\u00ea ter\u00e1 direito ao Dayuse do S\u00edtio, com direito ao uso da piscina , sal\u00e3o de jogos e \u00e1rea gourmet ( compartilhado com os propriet\u00e1rios do s\u00edtio).<\/p>\n<p>Servi\u00e7os oferecidos pela ag\u00eancia :<\/p>\n<p>\ud83d\udc49\ud83c\udffeCaminhadas:<\/p>\n<p>\ud83d\udc49\ud83c\udffeCaminhada de 4km em terreno irregular, n\u00edvel moderado\/pesado, at\u00e9 uma bela Cachoeira localizada na floresta da serra.<\/p>\n<p>\ud83d\udc49\ud83c\udffeVisita a Reserva Ecol\u00f3gica<\/p>\n<p>\ud83d\udc49\ud83c\udffeVisita guiada at\u00e9 as trilhas da reserva ecol\u00f3gica de Guapia\u00e7u.<\/p>\n<p>\ud83d\udc49\ud83c\udffeBanhos de rio<\/p>\n<p>\ud83d\udc49\ud83c\udffeGuiamento at\u00e9 os melhores pontos de banhos de rio da localidade.<\/p>\n<p>\ud83d\udc49\ud83c\udffeVerificar os valores com o propriet\u00e1rio .<\/p>\n<p>[\/et_pb_text][\/et_pb_column][\/et_pb_row][et_pb_row column_structure=&#8221;1_4,1_4,1_4,1_4&#8243; _builder_version=&#8221;4.24.1&#8243; _module_preset=&#8221;default&#8221; width_tablet=&#8221;&#8221; width_phone=&#8221;100%&#8221; width_last_edited=&#8221;on|phone&#8221; global_colors_info=&#8221;{}&#8221;][et_pb_column type=&#8221;1_4&#8243; _builder_version=&#8221;4.24.1&#8243; _module_preset=&#8221;default&#8221; global_colors_info=&#8221;{}&#8221;][et_pb_image src=&#8221;https:\/\/marcosjardimturismo.linkbio.net.br\/wp-content\/uploads\/2024\/02\/1.jpg&#8221; title_text=&#8221;1&#8243; show_in_lightbox=&#8221;on&#8221; align=&#8221;center&#8221; _builder_version=&#8221;4.24.2&#8243; _module_preset=&#8221;default&#8221; width=&#8221;240px&#8221; width_tablet=&#8221;240px&#8221; width_phone=&#8221;240px&#8221; width_last_edited=&#8221;on|phone&#8221; border_width_all=&#8221;2px&#8221; border_color_all=&#8221;#FFFFFF&#8221; global_colors_info=&#8221;{}&#8221;][\/et_pb_image][\/et_pb_column][et_pb_column type=&#8221;1_4&#8243; _builder_version=&#8221;4.24.1&#8243; _module_preset=&#8221;default&#8221; global_colors_info=&#8221;{}&#8221;][et_pb_image src=&#8221;https:\/\/marcosjardimturismo.linkbio.net.br\/wp-content\/uploads\/2024\/02\/2.jpg&#8221; title_text=&#8221;2&#8243; show_in_lightbox=&#8221;on&#8221; align=&#8221;center&#8221; _builder_version=&#8221;4.24.2&#8243; _module_preset=&#8221;default&#8221; width=&#8221;240px&#8221; width_tablet=&#8221;240px&#8221; width_phone=&#8221;240px&#8221; width_last_edited=&#8221;on|phone&#8221; border_width_all=&#8221;2px&#8221; border_color_all=&#8221;#FFFFFF&#8221; global_colors_info=&#8221;{}&#8221;][\/et_pb_image][\/et_pb_column][et_pb_column type=&#8221;1_4&#8243; _builder_version=&#8221;4.24.1&#8243; _module_preset=&#8221;default&#8221; global_colors_info=&#8221;{}&#8221;][et_pb_image src=&#8221;https:\/\/marcosjardimturismo.linkbio.net.br\/wp-content\/uploads\/2024\/02\/Design-sem-nome-88.png&#8221; title_text=&#8221;Design sem nome (88)&#8221; show_in_lightbox=&#8221;on&#8221; align=&#8221;center&#8221; _builder_version=&#8221;4.24.2&#8243; _module_preset=&#8221;default&#8221; width=&#8221;240px&#8221; width_tablet=&#8221;240px&#8221; width_phone=&#8221;240px&#8221; width_last_edited=&#8221;on|phone&#8221; hover_enabled=&#8221;0&#8243; border_width_all=&#8221;2px&#8221; border_color_all=&#8221;#FFFFFF&#8221; global_colors_info=&#8221;{}&#8221; sticky_enabled=&#8221;0&#8243;][\/et_pb_image][\/et_pb_column][et_pb_column type=&#8221;1_4&#8243; _builder_version=&#8221;4.24.1&#8243; _module_preset=&#8221;default&#8221; global_colors_info=&#8221;{}&#8221;][et_pb_image src=&#8221;https:\/\/marcosjardimturismo.linkbio.net.br\/wp-content\/uploads\/2024\/02\/4.jpg&#8221; title_text=&#8221;4&#8243; show_in_lightbox=&#8221;on&#8221; align=&#8221;center&#8221; _builder_version=&#8221;4.24.2&#8243; _module_preset=&#8221;default&#8221; width=&#8221;240px&#8221; width_tablet=&#8221;240px&#8221; width_phone=&#8221;240px&#8221; width_last_edited=&#8221;on|phone&#8221; border_width_all=&#8221;2px&#8221; border_color_all=&#8221;#FFFFFF&#8221; global_colors_info=&#8221;{}&#8221;][\/et_pb_image][\/et_pb_column][\/et_pb_row][et_pb_row column_structure=&#8221;1_4,1_4,1_4,1_4&#8243; _builder_version=&#8221;4.24.1&#8243; _module_preset=&#8221;default&#8221; width_tablet=&#8221;&#8221; width_phone=&#8221;100%&#8221; width_last_edited=&#8221;on|phone&#8221; global_colors_info=&#8221;{}&#8221;][et_pb_column type=&#8221;1_4&#8243; _builder_version=&#8221;4.24.1&#8243; _module_preset=&#8221;default&#8221; global_colors_info=&#8221;{}&#8221;][et_pb_image src=&#8221;https:\/\/marcosjardimturismo.linkbio.net.br\/wp-content\/uploads\/2024\/02\/5.jpg&#8221; title_text=&#8221;5&#8243; show_in_lightbox=&#8221;on&#8221; align=&#8221;center&#8221; _builder_version=&#8221;4.24.2&#8243; _module_preset=&#8221;default&#8221; width=&#8221;240px&#8221; width_tablet=&#8221;240px&#8221; width_phone=&#8221;240px&#8221; width_last_edited=&#8221;on|phone&#8221; border_width_all=&#8221;2px&#8221; border_color_all=&#8221;#FFFFFF&#8221; global_colors_info=&#8221;{}&#8221;][\/et_pb_image][\/et_pb_column][et_pb_column type=&#8221;1_4&#8243; _builder_version=&#8221;4.24.1&#8243; _module_preset=&#8221;default&#8221; global_colors_info=&#8221;{}&#8221;][et_pb_image src=&#8221;https:\/\/marcosjardimturismo.linkbio.net.br\/wp-content\/uploads\/2024\/02\/6.jpg&#8221; title_text=&#8221;6&#8243; show_in_lightbox=&#8221;on&#8221; align=&#8221;center&#8221; _builder_version=&#8221;4.24.2&#8243; _module_preset=&#8221;default&#8221; width=&#8221;240px&#8221; width_tablet=&#8221;240px&#8221; width_phone=&#8221;240px&#8221; width_last_edited=&#8221;on|phone&#8221; border_width_all=&#8221;2px&#8221; border_color_all=&#8221;#FFFFFF&#8221; global_colors_info=&#8221;{}&#8221;][\/et_pb_image][\/et_pb_column][et_pb_column type=&#8221;1_4&#8243; _builder_version=&#8221;4.24.1&#8243; _module_preset=&#8221;default&#8221; global_colors_info=&#8221;{}&#8221;][et_pb_image src=&#8221;https:\/\/marcosjardimturismo.linkbio.net.br\/wp-content\/uploads\/2024\/02\/7.jpg&#8221; title_text=&#8221;7&#8243; show_in_lightbox=&#8221;on&#8221; align=&#8221;center&#8221; _builder_version=&#8221;4.24.2&#8243; _module_preset=&#8221;default&#8221; width=&#8221;240px&#8221; width_tablet=&#8221;240px&#8221; width_phone=&#8221;240px&#8221; width_last_edited=&#8221;on|phone&#8221; border_width_all=&#8221;2px&#8221; border_color_all=&#8221;#FFFFFF&#8221; global_colors_info=&#8221;{}&#8221;][\/et_pb_image][\/et_pb_column][et_pb_column type=&#8221;1_4&#8243; _builder_version=&#8221;4.24.1&#8243; _module_preset=&#8221;default&#8221; global_colors_info=&#8221;{}&#8221;][et_pb_image src=&#8221;https:\/\/marcosjardimturismo.linkbio.net.br\/wp-content\/uploads\/2024\/02\/8.jpg&#8221; title_text=&#8221;8&#8243; show_in_lightbox=&#8221;on&#8221; align=&#8221;center&#8221; _builder_version=&#8221;4.24.2&#8243; _module_preset=&#8221;default&#8221; width=&#8221;240px&#8221; width_tablet=&#8221;240px&#8221; width_phone=&#8221;240px&#8221; width_last_edited=&#8221;on|phone&#8221; border_width_all=&#8221;2px&#8221; border_color_all=&#8221;#FFFFFF&#8221; global_colors_info=&#8221;{}&#8221;][\/et_pb_image][\/et_pb_column][\/et_pb_row][et_pb_row column_structure=&#8221;1_4,1_4,1_4,1_4&#8243; _builder_version=&#8221;4.24.1&#8243; _module_preset=&#8221;default&#8221; width_tablet=&#8221;&#8221; width_phone=&#8221;100%&#8221; width_last_edited=&#8221;on|phone&#8221; global_colors_info=&#8221;{}&#8221;][et_pb_column type=&#8221;1_4&#8243; _builder_version=&#8221;4.24.1&#8243; _module_preset=&#8221;default&#8221; global_colors_info=&#8221;{}&#8221;][et_pb_image src=&#8221;https:\/\/marcosjardimturismo.linkbio.net.br\/wp-content\/uploads\/2024\/02\/9.jpg&#8221; title_text=&#8221;9&#8243; show_in_lightbox=&#8221;on&#8221; align=&#8221;center&#8221; _builder_version=&#8221;4.24.2&#8243; _module_preset=&#8221;default&#8221; width=&#8221;240px&#8221; width_tablet=&#8221;240px&#8221; width_phone=&#8221;240px&#8221; width_last_edited=&#8221;on|phone&#8221; border_width_all=&#8221;2px&#8221; border_color_all=&#8221;#FFFFFF&#8221; global_colors_info=&#8221;{}&#8221;][\/et_pb_image][\/et_pb_column][et_pb_column type=&#8221;1_4&#8243; _builder_version=&#8221;4.24.1&#8243; _module_preset=&#8221;default&#8221; global_colors_info=&#8221;{}&#8221;][et_pb_image src=&#8221;https:\/\/marcosjardimturismo.linkbio.net.br\/wp-content\/uploads\/2024\/02\/10.jpg&#8221; title_text=&#8221;10&#8243; show_in_lightbox=&#8221;on&#8221; align=&#8221;center&#8221; _builder_version=&#8221;4.24.2&#8243; _module_preset=&#8221;default&#8221; width=&#8221;240px&#8221; width_tablet=&#8221;240px&#8221; width_phone=&#8221;240px&#8221; width_last_edited=&#8221;on|phone&#8221; border_width_all=&#8221;2px&#8221; border_color_all=&#8221;#FFFFFF&#8221; global_colors_info=&#8221;{}&#8221;][\/et_pb_image][\/et_pb_column][et_pb_column type=&#8221;1_4&#8243; _builder_version=&#8221;4.24.1&#8243; _module_preset=&#8221;default&#8221; global_colors_info=&#8221;{}&#8221;][et_pb_image src=&#8221;https:\/\/marcosjardimturismo.linkbio.net.br\/wp-content\/uploads\/2024\/02\/11.jpg&#8221; title_text=&#8221;11&#8243; show_in_lightbox=&#8221;on&#8221; align=&#8221;center&#8221; _builder_version=&#8221;4.24.2&#8243; _module_preset=&#8221;default&#8221; width=&#8221;240px&#8221; width_tablet=&#8221;240px&#8221; width_phone=&#8221;240px&#8221; width_last_edited=&#8221;on|phone&#8221; border_width_all=&#8221;2px&#8221; border_color_all=&#8221;#FFFFFF&#8221; global_colors_info=&#8221;{}&#8221;][\/et_pb_image][\/et_pb_column][et_pb_column type=&#8221;1_4&#8243; _builder_version=&#8221;4.24.1&#8243; _module_preset=&#8221;default&#8221; global_colors_info=&#8221;{}&#8221;][et_pb_image src=&#8221;https:\/\/marcosjardimturismo.linkbio.net.br\/wp-content\/uploads\/2024\/02\/12.jpg&#8221; title_text=&#8221;12&#8243; show_in_lightbox=&#8221;on&#8221; align=&#8221;center&#8221; _builder_version=&#8221;4.24.2&#8243; _module_preset=&#8221;default&#8221; width=&#8221;240px&#8221; width_tablet=&#8221;240px&#8221; width_phone=&#8221;240px&#8221; width_last_edited=&#8221;on|phone&#8221; border_width_all=&#8221;2px&#8221; border_color_all=&#8221;#FFFFFF&#8221; global_colors_info=&#8221;{}&#8221;][\/et_pb_image][\/et_pb_column][\/et_pb_row][et_pb_row _builder_version=&#8221;4.24.1&#8243; _module_preset=&#8221;default&#8221; background_enable_image=&#8221;off&#8221; background_position=&#8221;top_center&#8221; background_vertical_offset=&#8221;23%&#8221; width=&#8221;100%&#8221; width_tablet=&#8221;100%&#8221; width_phone=&#8221;100%&#8221; width_last_edited=&#8221;on|desktop&#8221; max_width=&#8221;1790px&#8221; custom_padding=&#8221;||72px|||&#8221; global_colors_info=&#8221;{}&#8221;][et_pb_column type=&#8221;4_4&#8243; _builder_version=&#8221;4.24.1&#8243; _module_preset=&#8221;default&#8221; global_colors_info=&#8221;{}&#8221;][et_pb_image src=&#8221;https:\/\/marcosjardimturismo.linkbio.net.br\/wp-content\/uploads\/2024\/02\/agende-seu-passeio-2.png&#8221; title_text=&#8221;agende seu passeio (2)&#8221; url=&#8221;https:\/\/www.airbnb.com.br\/rooms\/658653154603986905?_set_bev_on_new_domain=1708188042_OWZlMGUwZTNhYWU5&#038;source_impression_id=p3_1708188764_Dp1z29m8OWAgDeld&#8221; align=&#8221;center&#8221; _builder_version=&#8221;4.24.2&#8243; _module_preset=&#8221;default&#8221; global_colors_info=&#8221;{}&#8221;][\/et_pb_image][\/et_pb_column][\/et_pb_row][\/et_pb_section]<\/p>\n","protected":false},"excerpt":{"rendered":"<p>S\u00edtio Jardim da Rosa Localizado em Cachoeira de Macacu, o S\u00edtio Jardim da Rosa \u00e9 o melhor lugar para voc\u00ea que deseja fugir do stress das grandes cidades, um lugar tranquilo com muito ar puro e a beleza da natureza por todos os lados.Podendo desfrutar dos atrativos do s\u00edtio ou ent\u00e3o fazer uma bela caminhada [&hellip;]<\/p>\n","protected":false},"author":1,"featured_media":0,"parent":0,"menu_order":0,"comment_status":"closed","ping_status":"closed","template":"page-template-blank.php","meta":{"_et_pb_use_builder":"on","_et_pb_old_content":"<!-- wp:divi\/placeholder \/-->","_et_gb_content_width":"","footnotes":""},"_links":{"self":[{"href":"https:\/\/marcosjardimturismo.linkbio.net.br\/index.php\/wp-json\/wp\/v2\/pages\/50"}],"collection":[{"href":"https:\/\/marcosjardimturismo.linkbio.net.br\/index.php\/wp-json\/wp\/v2\/pages"}],"about":[{"href":"https:\/\/marcosjardimturismo.linkbio.net.br\/index.php\/wp-json\/wp\/v2\/types\/page"}],"author":[{"embeddable":true,"href":"https:\/\/marcosjardimturismo.linkbio.net.br\/index.php\/wp-json\/wp\/v2\/users\/1"}],"replies":[{"embeddable":true,"href":"https:\/\/marcosjardimturismo.linkbio.net.br\/index.php\/wp-json\/wp\/v2\/comments?post=50"}],"version-history":[{"count":12,"href":"https:\/\/marcosjardimturismo.linkbio.net.br\/index.php\/wp-json\/wp\/v2\/pages\/50\/revisions"}],"predecessor-version":[{"id":94,"href":"https:\/\/marcosjardimturismo.linkbio.net.br\/index.php\/wp-json\/wp\/v2\/pages\/50\/revisions\/94"}],"wp:attachment":[{"href":"https:\/\/marcosjardimturismo.linkbio.net.br\/index.php\/wp-json\/wp\/v2\/media?parent=50"}],"curies":[{"name":"wp","href":"https:\/\/api.w.org\/{rel}","templated":true}]}}